{"id":8,"date":"2014-02-13T21:27:58","date_gmt":"2014-02-13T20:27:58","guid":{"rendered":"http:\/\/jagomir.ba\/wp\/?page_id=8"},"modified":"2024-11-26T11:56:07","modified_gmt":"2024-11-26T10:56:07","slug":"pocetna","status":"publish","type":"page","link":"https:\/\/jagomir.ba\/wp\/","title":{"rendered":"Po\u010detna"},"content":{"rendered":"\n<iframe loading=\"lazy\" src=\"https:\/\/drive.google.com\/file\/d\/1L1pYiSbCFoc566KyGHC6gAoMmuD7xX-q\/preview\" width=\"840\" height=\"480\" allow=\"autoplay\"><\/iframe>\n\n\n<div class=\"wpb_row wf-container \">\n\t<div class=\"wf-cell wf-span-12 wpb_column column_container \">\n\t\t\t\n\t<div class=\"wpb_text_column wpb_content_element \">\n\t\t<div class=\"wpb_wrapper\">\n\t\t\t<!--:en-->\n\t\t<\/div> \n\t<\/div> \n\t<\/div> \n<\/div><div class=\"wpb_row wf-container \">\n\t<div class=\"wf-cell wf-span-12 wpb_column column_container \">\n\t\t\t\n\t<div class=\"wpb_text_column wpb_content_element \">\n\t\t<div class=\"wpb_wrapper\">\n\t\t\t\n<h2>Psihijatrijska bolnica Kantona Sarajevo<\/h2>\n<h2><span style=\"color: #9acd32;\">Bolnica Jagomir<div class=\"gap\" style=\"line-height: 10px; height: 10px;\"><\/div><\/span><\/h2>\n<p>\u00a0<\/p>\n<p>\u00a0<\/p>\n<p style=\"text-align: justify;\"><span style=\"color: #000000;\">Psihjatrijska bolnica Kantona Sarajevo (Bolnica Jagomir) namijenjena je za stacionarno lije\u010denje i psihorehabilitaciju pacijenata oboljelih od akutnih psihoza, pogora\u0161anja hroni\u010dnih psihoza, depresivnih poreme\u0107aja, te\u017eih oblika psihoneurotskih oboljenja, te drugih urgentnih psihijatrijskih poreme\u0107aja. U ambulanti za katamnesti\u010dko pra\u0107enje ponedjeljkom, srijedom i petkom obavljamo kontrolne posthospitalne preglede na\u0161ih pacijenata. Hospitalizirani pacijenti imaju obezbije\u0111ene preglede interniste, usluge EEG kabineta, psihologa i socijalnog radnika. Dogovorenom organizacijom djelatnosti sa Psihijatrijskom klinikom KCU Sarajevo, u ovu bolnicu se primaju psihijatrijski pacijenti sa podru\u010dja Kantona Sarajevo i to utorkom, \u010detvrtkom i subotom, dok u ostale dane prijeme obavlja Psihijatrijska klinika. Svi psihi\u010dki poreme\u0107aji vezani za zloupotrebu psihoaktivnih supstanci i organski uvjetovani psihi\u010dki poreme\u0107aji primaju se isklju\u010divo na Psihijatrijsku kliniku. Na\u0161u djelatnost obavljamo u skladu sa modernim konceptom psihijatrije u zajednici sa ciljem da boravak u bolnici bude \u0161to kra\u0107i i da pacijenta \u0161to prije osposobimo za povratak u porodicu i \u0161iru zajednicu.<\/span><\/p>\n\n\t\t<\/div> \n\t<\/div> \n\t<\/div> \n<\/div><div class=\"wpb_row wf-container \">\n\t<div class=\"wf-cell wf-span-12 wpb_column column_container \">\n\t\t\t\n\t<div class=\"wpb_text_column wpb_content_element \">\n\t\t<div class=\"wpb_wrapper\">\n\t\t\t\n<p style=\"text-align: justify;\"><span style=\"color: #c0c0c0; font-size: xx-small;\"><a href=\"http:\/\/www.jagomir.ba\"><span style=\"color: #c0c0c0;\">www.jagomir.ba<\/span><\/a><\/span><\/p>\n\n\t\t<\/div> \n\t<\/div> \n\t<\/div> \n<\/div><div class=\"wpb_row wf-container \">\n\t<div class=\"wf-cell wf-span-12 wpb_column column_container \">\n\t\t\t<div class=\"gap\" style=\"line-height: 30px; height: 30px;\"><\/div>\n\t<\/div> \n<\/div><div class=\"wpb_row wf-container \">\n\t<div class=\"wf-cell wf-span-12 wpb_column column_container \">\n\t\t\t<div class=\"vc_text_separator wpb_content_element separator_align_left\"><div>Novosti<\/div><\/div>\n\n\t<\/div> \n<\/div><div class=\"wpb_row wf-container \">\n\t<div class=\"wf-cell wf-span-12 wpb_column column_container \">\n\t\t\t<div class=\"gap\" style=\"line-height: 30px; height: 30px;\"><\/div>\n\t<\/div> \n<\/div><div class=\"wpb_row wf-container \">\n\t<div class=\"wf-cell wf-span-12 wpb_column column_container \">\n\t\t\t<section class=\"items-grid wf-container\"><div class=\"wf-cell wf-1-3\"><div class=\"borders\"><article class=\"post-format-standard\"><a href=\"https:\/\/jagomir.ba\/wp\/?p=4361\" class=\"alignleft post-rollover no-avatar\" ><\/a><div class=\"post-content\"><a href=\"https:\/\/jagomir.ba\/wp\/?p=4361\">2.Sarajevo Mental Health Symposium 2025<\/a><br \/><time class=\"text-secondary\" datetime=\"2025-10-13T15:35:02+02:00\">13. Oktobra 2025.<\/time><\/div><\/article><\/div><\/div><div class=\"wf-cell wf-1-3\"><div class=\"borders\"><article class=\"post-format-standard\"><a href=\"https:\/\/jagomir.ba\/wp\/?p=4227\" class=\"alignleft post-rollover no-avatar\" ><\/a><div class=\"post-content\"><a href=\"https:\/\/jagomir.ba\/wp\/?p=4227\">Anketa primjedbe pohvale za mjerenje zadovoljstva korisnika zdravstvenih usluga<\/a><br \/><time class=\"text-secondary\" datetime=\"2025-08-08T16:00:02+02:00\">8. Augusta 2025.<\/time><\/div><\/article><\/div><\/div><div class=\"wf-cell wf-1-3\"><div class=\"borders\"><article class=\"post-format-standard\"><a class=\"alignleft post-rollover\" href=\"https:\/\/jagomir.ba\/wp\/?p=4170\" ><img loading=\"lazy\" decoding=\"async\" class=\"preload-me\" src=\"https:\/\/jagomir.ba\/wp\/wp-content\/uploads\/2025\/06\/Poster_DMZ_A2_21_x_29.7_cm-60x60.png\" width=\"60\" height=\"60\"  alt=\"\" \/><\/a><div class=\"post-content\"><a href=\"https:\/\/jagomir.ba\/wp\/?p=4170\">Dani mentalnog zdravlja 7. &#8211; 11. OKTOBRA 2025<\/a><br \/><time class=\"text-secondary\" datetime=\"2025-06-19T15:16:27+02:00\">19. Juna 2025.<\/time><\/div><\/article><\/div><\/div><div class=\"wf-cell wf-1-3\"><div class=\"borders\"><article class=\"post-format-standard\"><a href=\"https:\/\/jagomir.ba\/wp\/?p=4103\" class=\"alignleft post-rollover no-avatar\" ><\/a><div class=\"post-content\"><a href=\"https:\/\/jagomir.ba\/wp\/?p=4103\">Direktorica bolnice Lokmi\u0107 Peki\u0107 dr Inga kao \u010dlanica radne grupe u\u010destovala je u izradi \u201cStrategije pobolj\u0161anja stanja u oblasti demencije u Kantonu Sarajevo za period 2024 \u2013 2030\u201d.<\/a><br \/><time class=\"text-secondary\" datetime=\"2025-03-25T16:09:37+01:00\">25. Marta 2025.<\/time><\/div><\/article><\/div><\/div><div class=\"wf-cell wf-1-3\"><div class=\"borders\"><article class=\"post-format-standard\"><a href=\"https:\/\/jagomir.ba\/wp\/?p=4096\" class=\"alignleft post-rollover no-avatar\" ><\/a><div class=\"post-content\"><a href=\"https:\/\/jagomir.ba\/wp\/?p=4096\">Ministarstvo za nauku, visoko obrazovanje i mlade Kantona Sarajevo na\u0161oj direktorici Lokmi\u0107 Peki\u0107 dr Ingi MA uru\u010dilo je Zahvalnicu.<\/a><br \/><time class=\"text-secondary\" datetime=\"2025-03-25T15:32:27+01:00\">25. Marta 2025.<\/time><\/div><\/article><\/div><\/div><div class=\"wf-cell wf-1-3\"><div class=\"borders\"><article class=\"post-format-standard\"><a href=\"https:\/\/jagomir.ba\/wp\/?p=4065\" class=\"alignleft post-rollover no-avatar\" ><\/a><div class=\"post-content\"><a href=\"https:\/\/jagomir.ba\/wp\/?p=4065\">Uposlenicima kao i svim gra\u0111anima BiH sretan Dan nezavisnosti<\/a><br \/><time class=\"text-secondary\" datetime=\"2025-02-28T11:40:12+01:00\">28. Februara 2025.<\/time><\/div><\/article><\/div><\/div><\/section>\n\t<\/div> \n<\/div><div class=\"wpb_row wf-container \">\n\t<div class=\"wf-cell wf-span-12 wpb_column column_container \">\n\t\t\t\n\t<div class=\"wpb_text_column wpb_content_element \">\n\t\t<div class=\"wpb_wrapper\">\n\t\t\t\n<p><!--:--><!--:bs-->\n\t\t<\/div> \n\t<\/div> \n\t<\/div> \n<\/div>","protected":false},"excerpt":{"rendered":"","protected":false},"author":4,"featured_media":0,"parent":0,"menu_order":0,"comment_status":"closed","ping_status":"closed","template":"","meta":{"footnotes":""},"class_list":["post-8","page","type-page","status-publish","hentry","format-standard"],"_links":{"self":[{"href":"https:\/\/jagomir.ba\/wp\/index.php?rest_route=\/wp\/v2\/pages\/8","targetHints":{"allow":["GET"]}}],"collection":[{"href":"https:\/\/jagomir.ba\/wp\/index.php?rest_route=\/wp\/v2\/pages"}],"about":[{"href":"https:\/\/jagomir.ba\/wp\/index.php?rest_route=\/wp\/v2\/types\/page"}],"author":[{"embeddable":true,"href":"https:\/\/jagomir.ba\/wp\/index.php?rest_route=\/wp\/v2\/users\/4"}],"replies":[{"embeddable":true,"href":"https:\/\/jagomir.ba\/wp\/index.php?rest_route=%2Fwp%2Fv2%2Fcomments&post=8"}],"version-history":[{"count":45,"href":"https:\/\/jagomir.ba\/wp\/index.php?rest_route=\/wp\/v2\/pages\/8\/revisions"}],"predecessor-version":[{"id":4000,"href":"https:\/\/jagomir.ba\/wp\/index.php?rest_route=\/wp\/v2\/pages\/8\/revisions\/4000"}],"wp:attachment":[{"href":"https:\/\/jagomir.ba\/wp\/index.php?rest_route=%2Fwp%2Fv2%2Fmedia&parent=8"}],"curies":[{"name":"wp","href":"https:\/\/api.w.org\/{rel}","templated":true}]}}