{"id":194,"date":"2014-03-03T08:41:41","date_gmt":"2014-03-03T07:41:41","guid":{"rendered":"http:\/\/jagomir.ba\/wp\/?page_id=194"},"modified":"2017-03-15T13:50:14","modified_gmt":"2017-03-15T12:50:14","slug":"o-nama-jagomir","status":"publish","type":"page","link":"https:\/\/jagomir.ba\/wp\/?page_id=194","title":{"rendered":"O &#8220;Bolnici&#8221;"},"content":{"rendered":"<p><strong>O &#8220;Bolnici Jagomir&#8221;<\/strong><\/p>\n<p>&nbsp;<\/p>\n<p style=\"text-align: justify;\">Bolnica Jagomir\u00a0je osnovana deleke 1948.g. Prije poslednjeg rata, ova bolnica imala je 300 postelja i 50 mjesta za dnevni tretman du\u0161evnih bolesnika, lociranih u 7 odvojenih gra\u0111evinskih objekata. U toku rata Bolnica Jagomir\u00a0je bila smje\u0161tena u prostorijama Obdani\u0161ta &#8220;Veseli cvjetovi&#8221; u naselju Bjelave, bez ikakvih uslova za smje\u0161taj, boravak i lije\u010denje odraslih osoba uop\u0161te. Na\u017ealost, rad u improvizovanim uslovima na ovoj lokaciji potrajao je i nekoliko poslijeratnih godina, do 1998.g. kada je bilo mogu\u0107e vratiti se u obnovljeni objekat bolnice, na mati\u010dnoj lokaciji &#8211; Jagomir. Za stacionarno lije\u010denje obnovljen je samo jedan objekat, (ostali su devastirani i neupotrebljivi) sa 70 kreveta, \u0161to je u skladu sa pravcem usmjeravanja psihijatrijske slu\u017ebe Svjetske zdravstvene organizacije (WHO) ka PSIHIJATRIJI U ZAJEDNICI.<\/p>\n<p>&nbsp;<\/p>\n<p><a href=\"https:\/\/jagomir.ba\/wp\/wp-content\/uploads\/2014\/03\/60-GODINA-BOLNICE.pdf\">60 GODINA BOLNICE<\/a><\/p>\n","protected":false},"excerpt":{"rendered":"<p>O &#8220;Bolnici Jagomir&#8221; &nbsp; Bolnica Jagomir\u00a0je osnovana deleke 1948.g. Prije poslednjeg rata, ova bolnica imala je 300 postelja i 50 mjesta za dnevni tretman du\u0161evnih bolesnika, lociranih u 7 odvojenih gra\u0111evinskih objekata. U toku rata Bolnica Jagomir\u00a0je bila smje\u0161tena u prostorijama Obdani\u0161ta &#8220;Veseli cvjetovi&#8221; u naselju Bjelave, bez ikakvih uslova za smje\u0161taj, boravak i lije\u010denje&#8230;<\/p>\n","protected":false},"author":4,"featured_media":0,"parent":0,"menu_order":0,"comment_status":"closed","ping_status":"closed","template":"","meta":{"footnotes":""},"class_list":["post-194","page","type-page","status-publish","hentry"],"_links":{"self":[{"href":"https:\/\/jagomir.ba\/wp\/index.php?rest_route=\/wp\/v2\/pages\/194","targetHints":{"allow":["GET"]}}],"collection":[{"href":"https:\/\/jagomir.ba\/wp\/index.php?rest_route=\/wp\/v2\/pages"}],"about":[{"href":"https:\/\/jagomir.ba\/wp\/index.php?rest_route=\/wp\/v2\/types\/page"}],"author":[{"embeddable":true,"href":"https:\/\/jagomir.ba\/wp\/index.php?rest_route=\/wp\/v2\/users\/4"}],"replies":[{"embeddable":true,"href":"https:\/\/jagomir.ba\/wp\/index.php?rest_route=%2Fwp%2Fv2%2Fcomments&post=194"}],"version-history":[{"count":8,"href":"https:\/\/jagomir.ba\/wp\/index.php?rest_route=\/wp\/v2\/pages\/194\/revisions"}],"predecessor-version":[{"id":1639,"href":"https:\/\/jagomir.ba\/wp\/index.php?rest_route=\/wp\/v2\/pages\/194\/revisions\/1639"}],"wp:attachment":[{"href":"https:\/\/jagomir.ba\/wp\/index.php?rest_route=%2Fwp%2Fv2%2Fmedia&parent=194"}],"curies":[{"name":"wp","href":"https:\/\/api.w.org\/{rel}","templated":true}]}}