{"id":191,"date":"2014-03-03T08:38:46","date_gmt":"2014-03-03T07:38:46","guid":{"rendered":"http:\/\/jagomir.ba\/wp\/?page_id=191"},"modified":"2026-01-05T11:35:52","modified_gmt":"2026-01-05T10:35:52","slug":"novosti-obavjestenja-jagomir","status":"publish","type":"page","link":"https:\/\/jagomir.ba\/wp\/?page_id=191","title":{"rendered":"Novosti (obavje\u0161tenja)"},"content":{"rendered":"<p><a href=\"https:\/\/jagomir.ba\/wp\/wp-content\/uploads\/2026\/01\/SKM_22725122911210-1.pdf\">ODLUKU o poni\u0161tenju postupka javne nabavke radova &#8211; ma\u0161inskih instalacija Dnevna Bolnica za potrebe Javne ustanove Psihijatrijska bolnica Kantona Sarajevo<\/a><\/p>\n<p><a href=\"https:\/\/jagomir.ba\/wp\/wp-content\/uploads\/2025\/11\/SKM_22725111712010.pdf\">Rje\u0161enje o imenovanju slu\u017ebenika za za\u0161titu li\u010dnih podataka<\/a><\/p>\n<p><a href=\"https:\/\/jagomir.ba\/wp\/wp-content\/uploads\/2025\/03\/FB_IMG_1742899194468.jpg\">Ministarstvo za nauku, visoko obrazovanje i mlade Kantona Sarajevo na\u0161oj direktorici Lokmi\u0107 Peki\u0107 dr Ingi MA uru\u010dilo je Zahvalnicu.<\/a><\/p>\n<p><a href=\"https:\/\/jagomir.ba\/wp\/wp-content\/uploads\/2024\/06\/OBAVJESTENJE-POVODOM-KURBAN-BAJRAMA.pdf\">OBAVJE\u0160TENJE POVODOM KURBAN BAJRAMA<\/a><\/p>\n<p><a href=\"https:\/\/jagomir.ba\/wp\/wp-content\/uploads\/2024\/01\/Privremeni-plan-javnih-nabavki-Januar-Mart-Za-2024.-Godinu.pdf\">Privremeni plan javnih nabavki Januar-Mart Za 2024. Godinu<\/a><\/p>\n<p><a style=\"font-size: revert;\" href=\"https:\/\/jagomir.ba\/wp\/wp-content\/uploads\/2023\/10\/12f9e1ae-18e5-45ba-b447-15d89a7438f2_SKM_22723103115341.pdf\">Odluka o tre\u0107oj izmjeni i dopuni Plana javnih nabavki za 2023. godinu Javne ustanove Psihijatrijska bolnica Kantona Sarajevo<\/a><\/p>\n<p><a href=\"https:\/\/jagomir.ba\/wp\/wp-content\/uploads\/2023\/06\/PLAN-INTEGRITETA-2022-2023-JUPBKS.docx\">Plan integriteta 2022-2023 JUPBKS<\/a><\/p>\n<p><a href=\"https:\/\/jagomir.ba\/wp\/wp-content\/uploads\/2023\/09\/Posjete-pacijentima.pdf\">Obavje\u0161tenje o zabrani posjeta pacijentima<\/a><\/p>\n<p><a href=\"https:\/\/jagomir.ba\/wp\/wp-content\/uploads\/2023\/09\/Obavjestenje-o-dodjeli-Ugovora.pdf\">Obavje\u0161tenje o dodjeli Ugovora<\/a><\/p>\n<p><a href=\"https:\/\/jagomir.ba\/wp\/wp-content\/uploads\/2023\/06\/OBAVJESTENJE-ZA-KURBAN-BAJRAM.pdf\">Obavje\u0161tenje za Kurban Bajram<\/a><\/p>\n<p><a href=\"https:\/\/jagomir.ba\/wp\/wp-content\/uploads\/2023\/04\/Tenderska-dokumentacija.pdf\">Tenderska dokumentacija<\/a><\/p>\n","protected":false},"excerpt":{"rendered":"<p>ODLUKU o poni\u0161tenju postupka javne nabavke radova &#8211; ma\u0161inskih instalacija Dnevna Bolnica za potrebe Javne ustanove Psihijatrijska bolnica Kantona Sarajevo Rje\u0161enje o imenovanju slu\u017ebenika za za\u0161titu li\u010dnih podataka Ministarstvo za nauku, visoko obrazovanje i mlade Kantona Sarajevo na\u0161oj direktorici Lokmi\u0107 Peki\u0107 dr Ingi MA uru\u010dilo je Zahvalnicu. OBAVJE\u0160TENJE POVODOM KURBAN BAJRAMA Privremeni plan javnih nabavki&#8230;<\/p>\n","protected":false},"author":3,"featured_media":0,"parent":0,"menu_order":0,"comment_status":"closed","ping_status":"closed","template":"","meta":{"footnotes":""},"class_list":["post-191","page","type-page","status-publish","hentry"],"_links":{"self":[{"href":"https:\/\/jagomir.ba\/wp\/index.php?rest_route=\/wp\/v2\/pages\/191","targetHints":{"allow":["GET"]}}],"collection":[{"href":"https:\/\/jagomir.ba\/wp\/index.php?rest_route=\/wp\/v2\/pages"}],"about":[{"href":"https:\/\/jagomir.ba\/wp\/index.php?rest_route=\/wp\/v2\/types\/page"}],"author":[{"embeddable":true,"href":"https:\/\/jagomir.ba\/wp\/index.php?rest_route=\/wp\/v2\/users\/3"}],"replies":[{"embeddable":true,"href":"https:\/\/jagomir.ba\/wp\/index.php?rest_route=%2Fwp%2Fv2%2Fcomments&post=191"}],"version-history":[{"count":65,"href":"https:\/\/jagomir.ba\/wp\/index.php?rest_route=\/wp\/v2\/pages\/191\/revisions"}],"predecessor-version":[{"id":4431,"href":"https:\/\/jagomir.ba\/wp\/index.php?rest_route=\/wp\/v2\/pages\/191\/revisions\/4431"}],"wp:attachment":[{"href":"https:\/\/jagomir.ba\/wp\/index.php?rest_route=%2Fwp%2Fv2%2Fmedia&parent=191"}],"curies":[{"name":"wp","href":"https:\/\/api.w.org\/{rel}","templated":true}]}}